{"id":18984,"date":"2024-11-05T11:53:35","date_gmt":"2024-11-05T08:53:35","guid":{"rendered":"https:\/\/ikrautas.lt\/for-housing-associations\/"},"modified":"2025-08-06T09:49:55","modified_gmt":"2025-08-06T06:49:55","slug":"for-housing-associations","status":"publish","type":"page","link":"https:\/\/ikrautas.lt\/en\/for-housing-associations\/","title":{"rendered":"For housing associations"},"content":{"rendered":"\t\t<div data-elementor-type=\"wp-page\" data-elementor-id=\"18984\" class=\"elementor elementor-18984 elementor-18378\" data-elementor-post-type=\"page\">\n\t\t\t\t<div class=\"elementor-element elementor-element-a68cd1d e-flex e-con-boxed e-con e-parent\" data-id=\"a68cd1d\" data-element_type=\"container\" data-e-type=\"container\">\n\t\t\t\t\t<div class=\"e-con-inner\">\n\t\t\t\t<div class=\"elementor-element elementor-element-e159ae0 elementor-widget elementor-widget-shortcode\" data-id=\"e159ae0\" data-element_type=\"widget\" data-e-type=\"widget\" data-widget_type=\"shortcode.default\">\n\t\t\t\t<div class=\"elementor-widget-container\">\n\t\t\t\t\t\t\t<div class=\"elementor-shortcode\">    <div class=\"container\" id=\"left-sidebar\">\n        <div class=\"column\">\n            <div id=\"first-step\">\n                <h1 class=\"title-left\">Inquiry about electric car charging stations<\/h1>\n                <h3 class=\"subtitle-title-left\">For housing associations<\/h3>\n                <div class=\"bottom-content\">\n                    <div class=\"subtitle-title-second\">Upon request,<br>we will contact you within 1 day.<\/div>\n                <\/div>\n            <\/div>\n        <\/div>\n\n        <div class=\"column\">\n            <div class=\"thank-you\" id=\"first-form\" style=\"height: auto; padding-top: 45px;\">\n                <form id=\"contact-form-step1\" class=\"active-form form-desktop\">\n                                        <input type=\"hidden\" name=\"origin\" value=\"direct - (direct)\">\n\n                    <input type=\"hidden\" id=\"form_type\" name=\"form_type\" value=\"Forma - Daugiabu\u010diu bendrijoms\">\n\n                    <div class=\"form-group\">\n                        <div>\n                            <div class=\"field-text\">1. Name of the Community <span class=\"field-required\">*<\/span><\/div>\n                            <input type=\"text\" id=\"company\" name=\"company\">\n                            <div class=\"error-message\" id=\"company-error\"><\/div>\n                        <\/div>\n                        <div>\n                            <div class=\"field-text\">2. Community (company) code<\/div>\n                            <input type=\"text\" id=\"company_code\" name=\"company_code\">\n                            <div class=\"error-message\" id=\"c-code-error\"><\/div>\n                        <\/div>\n                    <\/div>\n\n                    <div class=\"form-group\">\n                        <div>\n                            <div class=\"field-text\">3. Address for installation of stops <span class=\"field-required\">*<\/span><\/div>\n                            <input type=\"hidden\" id=\"address-home-lat\" name=\"lat\">\n                            <input type=\"hidden\" id=\"address-home-lon\" name=\"lon\">\n<input type=\"text\" id=\"address-home\" name=\"addr_input\" class=\"address-autocomplete\"\n placeholder=\"Type your address and choose from the following\"\n required autocomplete=\"off\" readonly onfocus=\"this.removeAttribute('readonly');\" \/>\n\n                            <div class=\"error-message\" id=\"address-error\"><\/div>\n                        <\/div>\n\n                        <div>\n                            <div class=\"field-text\">4. Contact person <span class=\"field-required\">*<\/span><\/div>\n                            <input type=\"text\" id=\"name\" name=\"name\">\n                            <div class=\"error-message\" id=\"name-error\"><\/div>\n                        <\/div>\n                    <\/div>\n\n                    <div class=\"form-group\">\n\n                        <div>\n                            <div class=\"field-text\">5. Telephone no. <span class=\"field-required\">*<\/span><\/div>\n                            <input type=\"text\" id=\"mobile\" name=\"mobile\" placeholder=\"+370\">\n                            <div class=\"error-message\" id=\"mobile-error\"><\/div>\n                        <\/div>\n\n                        <div>    \n                            <div class=\"field-text\">6. El. email <span class=\"field-required\">*<\/span><\/div>\n                            <input type=\"email\" id=\"email\" name=\"email\">\n                            <div class=\"error-message\" id=\"email-error\"><\/div>\n                        <\/div>\n\n                    <\/div>\n\n                    <div class=\"form-group\">\n                        <div> \n                            <div class=\"field-text\">7. Additional information<\/div>\n                            <div class=\"field-subtext\">The features of the property or your needs.<\/div>\n                            <input type=\"text\" id=\"comments\" name=\"comments\">\n                            <div class=\"error-message\" id=\"comments-error\"><\/div>\n                        <\/div>\n                        <div>\n                            <div class=\"field-text\">8. Offer code<\/div>\n                            <div class=\"field-subtext\">Have a discount or offer code?<\/div>\n                            <input type=\"text\" id=\"coupon\" name=\"coupon\" placeholder=\"\u012era\u0161ykite j\u012f \u010dia.\">\n                        <\/div>\n                    <\/div>\n\n                    <div class=\"field-text\">Rules for processing personal data <span class=\"field-required\">*<\/span><\/div>\n                    <div class=\"rules-header\">\n                        <input type=\"checkbox\" id=\"rules\" name=\"rules\">\n                        <div class=\"rules\">\n                            I consent to my personal data being used to receive offers and news. More information: \n                            <a href=\"https:\/\/ikrautas.lt\/privatumo-politika\/\" target=\"_BLANK\">www.ikrautas.lt\/privatumo-politika\/<\/a>.\n                        <\/div>\n                    <\/div>\n                    <div class=\"error-message\" id=\"rules-error\"><\/div>\n\n                    <div class=\"buttons\">\n                        <button id=\"next-step\" class=\"first-button\" type=\"button\">SUBMIT<\/button>\n                    <\/div>\n                <\/form>\n            <\/div>\n        <\/div>\n    <\/div>\n    <div id=\"thank-you\" class=\"thank-you\" style=\"display: none;\">\n        <div class=\"thank-you-title\">Thank you! We have received your information. <\/div>\n        <div class=\"thank-you-subtitle\">We will contact you within 1 working day.<\/div>\n        <div class=\"buttons\">\n            <a href=\"https:\/\/ikrautas.lt\" class=\"first-button\">Back to home page<\/a>\n        <\/div>\n    <\/div>\n    <script>\n        document.addEventListener('DOMContentLoaded', function () {\n        window.dataLayer = window.dataLayer || [];\n        const companyInput = document.querySelector('input[name=\"company\"]');\n\n        if (companyInput) {\n            let formStartPushed = false;\n\n            companyInput.addEventListener('focus', function () {\n                if (!formStartPushed) {\n                    window.dataLayer.push({\n                        event: 'form_start_daugiabuciams',\n                        formID: 'contact-form-step1-company',\n                    });\n\n                    console.log('form_start_daugiabuciams event pushed to dataLayer for company');\n                    formStartPushed = true;\n                }\n            });\n\n            companyInput.addEventListener('keydown', function () {\n                if (!formStartPushed) {\n                    window.dataLayer.push({\n                        event: 'form_start_daugiabuciams',\n                        formID: 'contact-form-step1-company',\n                    });\n\n                    console.log('form_start_daugiabuciams event pushed to dataLayer for company on keydown');\n                    formStartPushed = true;\n                }\n            });\n        } else {\n            console.error('Input field with name=\"company\" not found.');\n        }\n    });\n\ndocument.addEventListener('DOMContentLoaded', function() {\n    const firstStepButton = document.getElementById('next-step');\n    const contactFormStep1 = document.getElementById('contact-form-step1');\n    const thankYou = document.getElementById('thank-you');\n    const firstForm = document.getElementById('first-form');\n    const formResponse = document.getElementById('form-response') || document.createElement('div');\n    formResponse.id = 'form-response';\n    document.body.appendChild(formResponse);\n    const formResponse2 = document.getElementById('kita-error') || document.createElement('div');\n    formResponse2.id = 'kita-error';\n    document.body.appendChild(formResponse2);\n    var lang = \"en\";\n\n    if (firstStepButton) {\n        firstStepButton.addEventListener('click', function(e) {\n            e.preventDefault();\n\n            document.querySelectorAll('.error-message').forEach(errorElement => {\n                errorElement.textContent = '';\n            });\n\n            const formData = new FormData(contactFormStep1);\n            formData.append('lang', lang);\n            \n            fetch('https:\/\/ikrautas.lt\/wp-content\/plugins\/ikrautas-monday-api\/formos\/process_form3_1.php', {\n                method: 'POST',\n                body: formData\n            })\n            .then(response => response.json())\n            .then(data => {\n                if (data.message === 'OK') {\n                    \n                    window.dataLayer = window.dataLayer || [];\n                    window.dataLayer.push({\n                        event: 'form_start_daugiabuciams_end',\n                        formID: 'contact-form-step1',\n                    });\n                    console.log('form_start_daugiabuciams_end event pushed to dataLayer');\n\n                    firstForm.style.display = 'none';\n                    if (lang === 'lt') {\n                        window.location.href = \"\/uzklausa-gauta-daugiabuciams\/\";\n                    } else if (lang === 'en') {\n                        window.location.href = \"\/en\/request-received-location\/\";\n                    }\n                } else if (data.message === 'Error') {\n                    if (data.errors.company) {\n                        document.getElementById('company-error').textContent = data.errors.company;\n                    }\n                    if (data.errors.name) {\n                        document.getElementById('name-error').textContent = data.errors.name;\n                    }\n                    if (data.errors.mobile) {\n                        document.getElementById('mobile-error').textContent = data.errors.mobile;\n                    }\n                    if (data.errors.email) {\n                        document.getElementById('email-error').textContent = data.errors.email;\n                    }\n                    if (data.errors.address) {\n                        document.getElementById('address-error').textContent = data.errors.address;\n                    }\n                    if (data.errors.rules) {\n                        document.getElementById('rules-error').textContent = data.errors.rules;\n                    }\n                } else {\n                    formResponse.innerHTML = '<div class=\"error-message\">Unforeseen error, please reload the page.<\/div>';\n                }\n            })\n            .catch(error => {\n                formResponse.innerHTML = '<div class=\"error-message\">Unforeseen error, please reload the page.<\/div>';\n            });\n        });\n    }\n});\n<\/script>\n\n    <\/div>\n\t\t\t\t\t\t<\/div>\n\t\t\t\t<\/div>\n\t\t\t\t\t<\/div>\n\t\t\t\t<\/div>\n\t\t\t\t<\/div>\n\t\t","protected":false},"excerpt":{"rendered":"","protected":false},"author":2,"featured_media":0,"parent":0,"menu_order":0,"comment_status":"closed","ping_status":"closed","template":"elementor_header_footer","meta":{"footnotes":""},"class_list":["post-18984","page","type-page","status-publish","hentry"],"yoast_head":"<!-- This site is optimized with the Yoast SEO plugin v27.1.1 - https:\/\/yoast.com\/product\/yoast-seo-wordpress\/ -->\n<title>For housing associations - Ikrautas<\/title>\n<meta name=\"robots\" content=\"index, follow, max-snippet:-1, max-image-preview:large, max-video-preview:-1\" \/>\n<link rel=\"canonical\" href=\"https:\/\/ikrautas.lt\/en\/for-housing-associations\/\" \/>\n<meta property=\"og:locale\" content=\"en_US\" \/>\n<meta property=\"og:type\" content=\"article\" \/>\n<meta property=\"og:title\" content=\"For housing associations - Ikrautas\" \/>\n<meta property=\"og:url\" content=\"https:\/\/ikrautas.lt\/en\/for-housing-associations\/\" \/>\n<meta property=\"og:site_name\" content=\"Ikrautas\" \/>\n<meta property=\"article:modified_time\" content=\"2025-08-06T06:49:55+00:00\" \/>\n<meta name=\"twitter:card\" content=\"summary_large_image\" \/>\n<script type=\"application\/ld+json\" class=\"yoast-schema-graph\">{\"@context\":\"https:\/\/schema.org\",\"@graph\":[{\"@type\":\"WebPage\",\"@id\":\"https:\/\/ikrautas.lt\/en\/for-housing-associations\/\",\"url\":\"https:\/\/ikrautas.lt\/en\/for-housing-associations\/\",\"name\":\"For housing associations - Ikrautas\",\"isPartOf\":{\"@id\":\"https:\/\/ikrautas.lt\/en\/#website\"},\"datePublished\":\"2024-11-05T08:53:35+00:00\",\"dateModified\":\"2025-08-06T06:49:55+00:00\",\"breadcrumb\":{\"@id\":\"https:\/\/ikrautas.lt\/en\/for-housing-associations\/#breadcrumb\"},\"inLanguage\":\"en-US\",\"potentialAction\":[{\"@type\":\"ReadAction\",\"target\":[\"https:\/\/ikrautas.lt\/en\/for-housing-associations\/\"]}]},{\"@type\":\"BreadcrumbList\",\"@id\":\"https:\/\/ikrautas.lt\/en\/for-housing-associations\/#breadcrumb\",\"itemListElement\":[{\"@type\":\"ListItem\",\"position\":1,\"name\":\"Pagrindinis\",\"item\":\"https:\/\/ikrautas.lt\/en\/home\/\"},{\"@type\":\"ListItem\",\"position\":2,\"name\":\"For housing associations\"}]},{\"@type\":\"WebSite\",\"@id\":\"https:\/\/ikrautas.lt\/en\/#website\",\"url\":\"https:\/\/ikrautas.lt\/en\/\",\"name\":\"Ikrautas\",\"description\":\"\",\"potentialAction\":[{\"@type\":\"SearchAction\",\"target\":{\"@type\":\"EntryPoint\",\"urlTemplate\":\"https:\/\/ikrautas.lt\/en\/?s={search_term_string}\"},\"query-input\":{\"@type\":\"PropertyValueSpecification\",\"valueRequired\":true,\"valueName\":\"search_term_string\"}}],\"inLanguage\":\"en-US\"}]}<\/script>\n<!-- \/ Yoast SEO plugin. -->","yoast_head_json":{"title":"For housing associations - Ikrautas","robots":{"index":"index","follow":"follow","max-snippet":"max-snippet:-1","max-image-preview":"max-image-preview:large","max-video-preview":"max-video-preview:-1"},"canonical":"https:\/\/ikrautas.lt\/en\/for-housing-associations\/","og_locale":"en_US","og_type":"article","og_title":"For housing associations - Ikrautas","og_url":"https:\/\/ikrautas.lt\/en\/for-housing-associations\/","og_site_name":"Ikrautas","article_modified_time":"2025-08-06T06:49:55+00:00","twitter_card":"summary_large_image","schema":{"@context":"https:\/\/schema.org","@graph":[{"@type":"WebPage","@id":"https:\/\/ikrautas.lt\/en\/for-housing-associations\/","url":"https:\/\/ikrautas.lt\/en\/for-housing-associations\/","name":"For housing associations - Ikrautas","isPartOf":{"@id":"https:\/\/ikrautas.lt\/en\/#website"},"datePublished":"2024-11-05T08:53:35+00:00","dateModified":"2025-08-06T06:49:55+00:00","breadcrumb":{"@id":"https:\/\/ikrautas.lt\/en\/for-housing-associations\/#breadcrumb"},"inLanguage":"en-US","potentialAction":[{"@type":"ReadAction","target":["https:\/\/ikrautas.lt\/en\/for-housing-associations\/"]}]},{"@type":"BreadcrumbList","@id":"https:\/\/ikrautas.lt\/en\/for-housing-associations\/#breadcrumb","itemListElement":[{"@type":"ListItem","position":1,"name":"Pagrindinis","item":"https:\/\/ikrautas.lt\/en\/home\/"},{"@type":"ListItem","position":2,"name":"For housing associations"}]},{"@type":"WebSite","@id":"https:\/\/ikrautas.lt\/en\/#website","url":"https:\/\/ikrautas.lt\/en\/","name":"Ikrautas","description":"","potentialAction":[{"@type":"SearchAction","target":{"@type":"EntryPoint","urlTemplate":"https:\/\/ikrautas.lt\/en\/?s={search_term_string}"},"query-input":{"@type":"PropertyValueSpecification","valueRequired":true,"valueName":"search_term_string"}}],"inLanguage":"en-US"}]}},"_links":{"self":[{"href":"https:\/\/ikrautas.lt\/en\/wp-json\/wp\/v2\/pages\/18984","targetHints":{"allow":["GET"]}}],"collection":[{"href":"https:\/\/ikrautas.lt\/en\/wp-json\/wp\/v2\/pages"}],"about":[{"href":"https:\/\/ikrautas.lt\/en\/wp-json\/wp\/v2\/types\/page"}],"author":[{"embeddable":true,"href":"https:\/\/ikrautas.lt\/en\/wp-json\/wp\/v2\/users\/2"}],"replies":[{"embeddable":true,"href":"https:\/\/ikrautas.lt\/en\/wp-json\/wp\/v2\/comments?post=18984"}],"version-history":[{"count":1,"href":"https:\/\/ikrautas.lt\/en\/wp-json\/wp\/v2\/pages\/18984\/revisions"}],"predecessor-version":[{"id":18989,"href":"https:\/\/ikrautas.lt\/en\/wp-json\/wp\/v2\/pages\/18984\/revisions\/18989"}],"wp:attachment":[{"href":"https:\/\/ikrautas.lt\/en\/wp-json\/wp\/v2\/media?parent=18984"}],"curies":[{"name":"wp","href":"https:\/\/api.w.org\/{rel}","templated":true}]}}